{"id":2481,"date":"2022-03-16T12:15:39","date_gmt":"2022-03-16T12:15:39","guid":{"rendered":"https:\/\/fruitbubba.com\/producto\/perejil\/"},"modified":"2022-03-16T12:15:39","modified_gmt":"2022-03-16T12:15:39","slug":"perejil","status":"publish","type":"product","link":"https:\/\/fruitbubba.com\/es\/producto\/perejil\/","title":{"rendered":"PEREJIL"},"content":{"rendered":"<p><strong>Planta herb\u00e1cea de color verde intenso utilizada como condimento o decoraci\u00f3n<\/strong> en gran n\u00famero de platos dentro de la gastronom\u00eda mediterr\u00e1nea. Con largos tallos angulares ramificados y hojas arom\u00e1ticas y brillantes.<\/p>\n<p class=\"text-left\"><a id=\"btn-ubs001\" class=\"custom-btn big primary\" style=\"color: #000000;\" title=\"Detalles\" href=\"https:\/\/fruitbubba.com\/es\/perejil\/\">M\u00e1s detalles<\/a><\/p>\n","protected":false},"excerpt":{"rendered":"<p>Planta herb\u00e1cea de color verde intenso utilizada como condimento o decoraci\u00f3n en gran n\u00famero de platos dentro de la gastronom\u00eda mediterr\u00e1nea. Con largos tallos angulares ramificados y hojas arom\u00e1ticas y brillantes.<\/p>\n","protected":false},"featured_media":2437,"comment_status":"open","ping_status":"closed","template":"","meta":[],"product_brand":[],"product_cat":[42],"product_tag":[],"class_list":{"0":"post-2481","1":"product","2":"type-product","3":"status-publish","4":"has-post-thumbnail","6":"product_cat-herbaceas","8":"first","9":"instock","10":"shipping-taxable","11":"purchasable","12":"product-type-simple"},"yoast_head":"<!-- This site is optimized with the Yoast SEO plugin v27.3 - https:\/\/yoast.com\/product\/yoast-seo-wordpress\/ -->\n<title>PEREJIL - USA Bubba Fresh<\/title>\n<meta name=\"robots\" content=\"index, follow, max-snippet:-1, max-image-preview:large, max-video-preview:-1\" \/>\n<link rel=\"canonical\" href=\"https:\/\/fruitbubba.com\/es\/producto\/perejil\/\" \/>\n<meta property=\"og:locale\" content=\"es_ES\" \/>\n<meta property=\"og:type\" content=\"article\" \/>\n<meta property=\"og:title\" content=\"PEREJIL - USA Bubba Fresh\" \/>\n<meta property=\"og:description\" content=\"Planta herb\u00e1cea de color verde intenso utilizada como condimento o decoraci\u00f3n en gran n\u00famero de platos dentro de la gastronom\u00eda mediterr\u00e1nea. Con largos tallos angulares ramificados y hojas arom\u00e1ticas y brillantes.\" \/>\n<meta property=\"og:url\" content=\"https:\/\/fruitbubba.com\/es\/producto\/perejil\/\" \/>\n<meta property=\"og:site_name\" content=\"USA Bubba Fresh\" \/>\n<meta property=\"og:image\" content=\"https:\/\/fruitbubba.com\/wp-content\/uploads\/2022\/05\/usa-bubba-fruit-parsley-1.png\" \/>\n\t<meta property=\"og:image:width\" content=\"800\" \/>\n\t<meta property=\"og:image:height\" content=\"800\" \/>\n\t<meta property=\"og:image:type\" content=\"image\/png\" \/>\n<meta name=\"twitter:card\" content=\"summary_large_image\" \/>\n<script type=\"application\/ld+json\" class=\"yoast-schema-graph\">{\"@context\":\"https:\\\/\\\/schema.org\",\"@graph\":[{\"@type\":\"WebPage\",\"@id\":\"https:\\\/\\\/fruitbubba.com\\\/es\\\/producto\\\/perejil\\\/\",\"url\":\"https:\\\/\\\/fruitbubba.com\\\/es\\\/producto\\\/perejil\\\/\",\"name\":\"PEREJIL - USA Bubba Fresh\",\"isPartOf\":{\"@id\":\"https:\\\/\\\/fruitbubba.com\\\/es\\\/#website\"},\"primaryImageOfPage\":{\"@id\":\"https:\\\/\\\/fruitbubba.com\\\/es\\\/producto\\\/perejil\\\/#primaryimage\"},\"image\":{\"@id\":\"https:\\\/\\\/fruitbubba.com\\\/es\\\/producto\\\/perejil\\\/#primaryimage\"},\"thumbnailUrl\":\"https:\\\/\\\/fruitbubba.com\\\/wp-content\\\/uploads\\\/2022\\\/05\\\/usa-bubba-fruit-parsley-1.png\",\"datePublished\":\"2022-03-16T12:15:39+00:00\",\"breadcrumb\":{\"@id\":\"https:\\\/\\\/fruitbubba.com\\\/es\\\/producto\\\/perejil\\\/#breadcrumb\"},\"inLanguage\":\"es\",\"potentialAction\":[{\"@type\":\"ReadAction\",\"target\":[\"https:\\\/\\\/fruitbubba.com\\\/es\\\/producto\\\/perejil\\\/\"]}]},{\"@type\":\"ImageObject\",\"inLanguage\":\"es\",\"@id\":\"https:\\\/\\\/fruitbubba.com\\\/es\\\/producto\\\/perejil\\\/#primaryimage\",\"url\":\"https:\\\/\\\/fruitbubba.com\\\/wp-content\\\/uploads\\\/2022\\\/05\\\/usa-bubba-fruit-parsley-1.png\",\"contentUrl\":\"https:\\\/\\\/fruitbubba.com\\\/wp-content\\\/uploads\\\/2022\\\/05\\\/usa-bubba-fruit-parsley-1.png\",\"width\":800,\"height\":800},{\"@type\":\"BreadcrumbList\",\"@id\":\"https:\\\/\\\/fruitbubba.com\\\/es\\\/producto\\\/perejil\\\/#breadcrumb\",\"itemListElement\":[{\"@type\":\"ListItem\",\"position\":1,\"name\":\"Portada\",\"item\":\"https:\\\/\\\/fruitbubba.com\\\/es\\\/\"},{\"@type\":\"ListItem\",\"position\":2,\"name\":\"Tienda\",\"item\":\"https:\\\/\\\/fruitbubba.com\\\/es\\\/tienda-2\\\/\"},{\"@type\":\"ListItem\",\"position\":3,\"name\":\"PEREJIL\"}]},{\"@type\":\"WebSite\",\"@id\":\"https:\\\/\\\/fruitbubba.com\\\/es\\\/#website\",\"url\":\"https:\\\/\\\/fruitbubba.com\\\/es\\\/\",\"name\":\"USA Bubba Fresh\",\"description\":\"Supreme Flavour \u00b7 Commited to Solidarity\",\"potentialAction\":[{\"@type\":\"SearchAction\",\"target\":{\"@type\":\"EntryPoint\",\"urlTemplate\":\"https:\\\/\\\/fruitbubba.com\\\/es\\\/?s={search_term_string}\"},\"query-input\":{\"@type\":\"PropertyValueSpecification\",\"valueRequired\":true,\"valueName\":\"search_term_string\"}}],\"inLanguage\":\"es\"}]}<\/script>\n<!-- \/ Yoast SEO plugin. -->","yoast_head_json":{"title":"PEREJIL - USA Bubba Fresh","robots":{"index":"index","follow":"follow","max-snippet":"max-snippet:-1","max-image-preview":"max-image-preview:large","max-video-preview":"max-video-preview:-1"},"canonical":"https:\/\/fruitbubba.com\/es\/producto\/perejil\/","og_locale":"es_ES","og_type":"article","og_title":"PEREJIL - USA Bubba Fresh","og_description":"Planta herb\u00e1cea de color verde intenso utilizada como condimento o decoraci\u00f3n en gran n\u00famero de platos dentro de la gastronom\u00eda mediterr\u00e1nea. Con largos tallos angulares ramificados y hojas arom\u00e1ticas y brillantes.","og_url":"https:\/\/fruitbubba.com\/es\/producto\/perejil\/","og_site_name":"USA Bubba Fresh","og_image":[{"width":800,"height":800,"url":"https:\/\/fruitbubba.com\/wp-content\/uploads\/2022\/05\/usa-bubba-fruit-parsley-1.png","type":"image\/png"}],"twitter_card":"summary_large_image","schema":{"@context":"https:\/\/schema.org","@graph":[{"@type":"WebPage","@id":"https:\/\/fruitbubba.com\/es\/producto\/perejil\/","url":"https:\/\/fruitbubba.com\/es\/producto\/perejil\/","name":"PEREJIL - USA Bubba Fresh","isPartOf":{"@id":"https:\/\/fruitbubba.com\/es\/#website"},"primaryImageOfPage":{"@id":"https:\/\/fruitbubba.com\/es\/producto\/perejil\/#primaryimage"},"image":{"@id":"https:\/\/fruitbubba.com\/es\/producto\/perejil\/#primaryimage"},"thumbnailUrl":"https:\/\/fruitbubba.com\/wp-content\/uploads\/2022\/05\/usa-bubba-fruit-parsley-1.png","datePublished":"2022-03-16T12:15:39+00:00","breadcrumb":{"@id":"https:\/\/fruitbubba.com\/es\/producto\/perejil\/#breadcrumb"},"inLanguage":"es","potentialAction":[{"@type":"ReadAction","target":["https:\/\/fruitbubba.com\/es\/producto\/perejil\/"]}]},{"@type":"ImageObject","inLanguage":"es","@id":"https:\/\/fruitbubba.com\/es\/producto\/perejil\/#primaryimage","url":"https:\/\/fruitbubba.com\/wp-content\/uploads\/2022\/05\/usa-bubba-fruit-parsley-1.png","contentUrl":"https:\/\/fruitbubba.com\/wp-content\/uploads\/2022\/05\/usa-bubba-fruit-parsley-1.png","width":800,"height":800},{"@type":"BreadcrumbList","@id":"https:\/\/fruitbubba.com\/es\/producto\/perejil\/#breadcrumb","itemListElement":[{"@type":"ListItem","position":1,"name":"Portada","item":"https:\/\/fruitbubba.com\/es\/"},{"@type":"ListItem","position":2,"name":"Tienda","item":"https:\/\/fruitbubba.com\/es\/tienda-2\/"},{"@type":"ListItem","position":3,"name":"PEREJIL"}]},{"@type":"WebSite","@id":"https:\/\/fruitbubba.com\/es\/#website","url":"https:\/\/fruitbubba.com\/es\/","name":"USA Bubba Fresh","description":"Supreme Flavour \u00b7 Commited to Solidarity","potentialAction":[{"@type":"SearchAction","target":{"@type":"EntryPoint","urlTemplate":"https:\/\/fruitbubba.com\/es\/?s={search_term_string}"},"query-input":{"@type":"PropertyValueSpecification","valueRequired":true,"valueName":"search_term_string"}}],"inLanguage":"es"}]}},"_links":{"self":[{"href":"https:\/\/fruitbubba.com\/es\/wp-json\/wp\/v2\/product\/2481","targetHints":{"allow":["GET"]}}],"collection":[{"href":"https:\/\/fruitbubba.com\/es\/wp-json\/wp\/v2\/product"}],"about":[{"href":"https:\/\/fruitbubba.com\/es\/wp-json\/wp\/v2\/types\/product"}],"replies":[{"embeddable":true,"href":"https:\/\/fruitbubba.com\/es\/wp-json\/wp\/v2\/comments?post=2481"}],"wp:featuredmedia":[{"embeddable":true,"href":"https:\/\/fruitbubba.com\/es\/wp-json\/wp\/v2\/media\/2437"}],"wp:attachment":[{"href":"https:\/\/fruitbubba.com\/es\/wp-json\/wp\/v2\/media?parent=2481"}],"wp:term":[{"taxonomy":"product_brand","embeddable":true,"href":"https:\/\/fruitbubba.com\/es\/wp-json\/wp\/v2\/product_brand?post=2481"},{"taxonomy":"product_cat","embeddable":true,"href":"https:\/\/fruitbubba.com\/es\/wp-json\/wp\/v2\/product_cat?post=2481"},{"taxonomy":"product_tag","embeddable":true,"href":"https:\/\/fruitbubba.com\/es\/wp-json\/wp\/v2\/product_tag?post=2481"}],"curies":[{"name":"wp","href":"https:\/\/api.w.org\/{rel}","templated":true}]}}