{"id":2465,"date":"2022-05-03T10:12:22","date_gmt":"2022-05-03T10:12:22","guid":{"rendered":"https:\/\/fruitbubba.com\/producto\/brocoli\/"},"modified":"2022-05-03T10:12:22","modified_gmt":"2022-05-03T10:12:22","slug":"brocoli","status":"publish","type":"product","link":"https:\/\/fruitbubba.com\/es\/producto\/brocoli\/","title":{"rendered":"Brocoli"},"content":{"rendered":"<p><strong>El br\u00f3coli es una planta que posee abundantes cap\u00edtulos florales carnosos de color verde intenso,<\/strong> asentados en forma de \u00e1rbol, sobre ramas que crecen del grueso tallo comestible. La gran masa de las cabezas est\u00e1 rodeada de hojas.<\/p>\n<p class=\"text-left\"><a id=\"btn-ubs001\" class=\"custom-btn big primary\" style=\"color: #000000;\" title=\"Detalles\" href=\"https:\/\/fruitbubba.com\/es\/brocoli\/\">M\u00e1s detalles<\/a><\/p>\n","protected":false},"excerpt":{"rendered":"<p><strong>El br\u00f3coli es una planta que posee abundantes cap\u00edtulos florales carnosos de color verde intenso<\/strong>, asentados en forma de \u00e1rbol, sobre ramas que crecen del grueso tallo comestible. La gran masa de las cabezas est\u00e1 rodeada de hojas.<\/p>\n","protected":false},"featured_media":2427,"comment_status":"open","ping_status":"closed","template":"","meta":[],"product_brand":[],"product_cat":[38],"product_tag":[],"class_list":{"0":"post-2465","1":"product","2":"type-product","3":"status-publish","4":"has-post-thumbnail","6":"product_cat-cruciferas","8":"first","9":"instock","10":"shipping-taxable","11":"product-type-simple"},"yoast_head":"<!-- This site is optimized with the Yoast SEO plugin v27.6 - https:\/\/yoast.com\/product\/yoast-seo-wordpress\/ -->\n<title>Brocoli - USA Bubba Fresh<\/title>\n<meta name=\"robots\" content=\"index, follow, max-snippet:-1, max-image-preview:large, max-video-preview:-1\" \/>\n<link rel=\"canonical\" href=\"https:\/\/fruitbubba.com\/es\/producto\/brocoli\/\" \/>\n<meta property=\"og:locale\" content=\"es_ES\" \/>\n<meta property=\"og:type\" content=\"article\" \/>\n<meta property=\"og:title\" content=\"Brocoli - USA Bubba Fresh\" \/>\n<meta property=\"og:description\" content=\"El br\u00f3coli es una planta que posee abundantes cap\u00edtulos florales carnosos de color verde intenso, asentados en forma de \u00e1rbol, sobre ramas que crecen del grueso tallo comestible. La gran masa de las cabezas est\u00e1 rodeada de hojas.\" \/>\n<meta property=\"og:url\" content=\"https:\/\/fruitbubba.com\/es\/producto\/brocoli\/\" \/>\n<meta property=\"og:site_name\" content=\"USA Bubba Fresh\" \/>\n<meta name=\"twitter:card\" content=\"summary_large_image\" \/>\n<script type=\"application\/ld+json\" class=\"yoast-schema-graph\">{\"@context\":\"https:\\\/\\\/schema.org\",\"@graph\":[{\"@type\":\"WebPage\",\"@id\":\"https:\\\/\\\/fruitbubba.com\\\/es\\\/producto\\\/brocoli\\\/\",\"url\":\"https:\\\/\\\/fruitbubba.com\\\/es\\\/producto\\\/brocoli\\\/\",\"name\":\"Brocoli - USA Bubba Fresh\",\"isPartOf\":{\"@id\":\"https:\\\/\\\/fruitbubba.com\\\/es\\\/#website\"},\"primaryImageOfPage\":{\"@id\":\"https:\\\/\\\/fruitbubba.com\\\/es\\\/producto\\\/brocoli\\\/#primaryimage\"},\"image\":{\"@id\":\"https:\\\/\\\/fruitbubba.com\\\/es\\\/producto\\\/brocoli\\\/#primaryimage\"},\"thumbnailUrl\":\"https:\\\/\\\/fruitbubba.com\\\/wp-content\\\/uploads\\\/2022\\\/05\\\/usa-bubba-fruit-broccoli-1.png\",\"datePublished\":\"2022-05-03T10:12:22+00:00\",\"breadcrumb\":{\"@id\":\"https:\\\/\\\/fruitbubba.com\\\/es\\\/producto\\\/brocoli\\\/#breadcrumb\"},\"inLanguage\":\"es\",\"potentialAction\":[{\"@type\":\"ReadAction\",\"target\":[\"https:\\\/\\\/fruitbubba.com\\\/es\\\/producto\\\/brocoli\\\/\"]}]},{\"@type\":\"ImageObject\",\"inLanguage\":\"es\",\"@id\":\"https:\\\/\\\/fruitbubba.com\\\/es\\\/producto\\\/brocoli\\\/#primaryimage\",\"url\":\"https:\\\/\\\/fruitbubba.com\\\/wp-content\\\/uploads\\\/2022\\\/05\\\/usa-bubba-fruit-broccoli-1.png\",\"contentUrl\":\"https:\\\/\\\/fruitbubba.com\\\/wp-content\\\/uploads\\\/2022\\\/05\\\/usa-bubba-fruit-broccoli-1.png\",\"width\":800,\"height\":800},{\"@type\":\"BreadcrumbList\",\"@id\":\"https:\\\/\\\/fruitbubba.com\\\/es\\\/producto\\\/brocoli\\\/#breadcrumb\",\"itemListElement\":[{\"@type\":\"ListItem\",\"position\":1,\"name\":\"Portada\",\"item\":\"https:\\\/\\\/fruitbubba.com\\\/es\\\/\"},{\"@type\":\"ListItem\",\"position\":2,\"name\":\"Tienda\",\"item\":\"https:\\\/\\\/fruitbubba.com\\\/es\\\/tienda-2\\\/\"},{\"@type\":\"ListItem\",\"position\":3,\"name\":\"Brocoli\"}]},{\"@type\":\"WebSite\",\"@id\":\"https:\\\/\\\/fruitbubba.com\\\/es\\\/#website\",\"url\":\"https:\\\/\\\/fruitbubba.com\\\/es\\\/\",\"name\":\"USA Bubba Fresh\",\"description\":\"Supreme Flavour \u00b7 Commited to Solidarity\",\"potentialAction\":[{\"@type\":\"SearchAction\",\"target\":{\"@type\":\"EntryPoint\",\"urlTemplate\":\"https:\\\/\\\/fruitbubba.com\\\/es\\\/?s={search_term_string}\"},\"query-input\":{\"@type\":\"PropertyValueSpecification\",\"valueRequired\":true,\"valueName\":\"search_term_string\"}}],\"inLanguage\":\"es\"}]}<\/script>\n<!-- \/ Yoast SEO plugin. -->","yoast_head_json":{"title":"Brocoli - USA Bubba Fresh","robots":{"index":"index","follow":"follow","max-snippet":"max-snippet:-1","max-image-preview":"max-image-preview:large","max-video-preview":"max-video-preview:-1"},"canonical":"https:\/\/fruitbubba.com\/es\/producto\/brocoli\/","og_locale":"es_ES","og_type":"article","og_title":"Brocoli - USA Bubba Fresh","og_description":"El br\u00f3coli es una planta que posee abundantes cap\u00edtulos florales carnosos de color verde intenso, asentados en forma de \u00e1rbol, sobre ramas que crecen del grueso tallo comestible. La gran masa de las cabezas est\u00e1 rodeada de hojas.","og_url":"https:\/\/fruitbubba.com\/es\/producto\/brocoli\/","og_site_name":"USA Bubba Fresh","twitter_card":"summary_large_image","schema":{"@context":"https:\/\/schema.org","@graph":[{"@type":"WebPage","@id":"https:\/\/fruitbubba.com\/es\/producto\/brocoli\/","url":"https:\/\/fruitbubba.com\/es\/producto\/brocoli\/","name":"Brocoli - USA Bubba Fresh","isPartOf":{"@id":"https:\/\/fruitbubba.com\/es\/#website"},"primaryImageOfPage":{"@id":"https:\/\/fruitbubba.com\/es\/producto\/brocoli\/#primaryimage"},"image":{"@id":"https:\/\/fruitbubba.com\/es\/producto\/brocoli\/#primaryimage"},"thumbnailUrl":"https:\/\/fruitbubba.com\/wp-content\/uploads\/2022\/05\/usa-bubba-fruit-broccoli-1.png","datePublished":"2022-05-03T10:12:22+00:00","breadcrumb":{"@id":"https:\/\/fruitbubba.com\/es\/producto\/brocoli\/#breadcrumb"},"inLanguage":"es","potentialAction":[{"@type":"ReadAction","target":["https:\/\/fruitbubba.com\/es\/producto\/brocoli\/"]}]},{"@type":"ImageObject","inLanguage":"es","@id":"https:\/\/fruitbubba.com\/es\/producto\/brocoli\/#primaryimage","url":"https:\/\/fruitbubba.com\/wp-content\/uploads\/2022\/05\/usa-bubba-fruit-broccoli-1.png","contentUrl":"https:\/\/fruitbubba.com\/wp-content\/uploads\/2022\/05\/usa-bubba-fruit-broccoli-1.png","width":800,"height":800},{"@type":"BreadcrumbList","@id":"https:\/\/fruitbubba.com\/es\/producto\/brocoli\/#breadcrumb","itemListElement":[{"@type":"ListItem","position":1,"name":"Portada","item":"https:\/\/fruitbubba.com\/es\/"},{"@type":"ListItem","position":2,"name":"Tienda","item":"https:\/\/fruitbubba.com\/es\/tienda-2\/"},{"@type":"ListItem","position":3,"name":"Brocoli"}]},{"@type":"WebSite","@id":"https:\/\/fruitbubba.com\/es\/#website","url":"https:\/\/fruitbubba.com\/es\/","name":"USA Bubba Fresh","description":"Supreme Flavour \u00b7 Commited to Solidarity","potentialAction":[{"@type":"SearchAction","target":{"@type":"EntryPoint","urlTemplate":"https:\/\/fruitbubba.com\/es\/?s={search_term_string}"},"query-input":{"@type":"PropertyValueSpecification","valueRequired":true,"valueName":"search_term_string"}}],"inLanguage":"es"}]}},"_links":{"self":[{"href":"https:\/\/fruitbubba.com\/es\/wp-json\/wp\/v2\/product\/2465","targetHints":{"allow":["GET"]}}],"collection":[{"href":"https:\/\/fruitbubba.com\/es\/wp-json\/wp\/v2\/product"}],"about":[{"href":"https:\/\/fruitbubba.com\/es\/wp-json\/wp\/v2\/types\/product"}],"replies":[{"embeddable":true,"href":"https:\/\/fruitbubba.com\/es\/wp-json\/wp\/v2\/comments?post=2465"}],"wp:featuredmedia":[{"embeddable":true,"href":"https:\/\/fruitbubba.com\/es\/wp-json\/wp\/v2\/media\/2427"}],"wp:attachment":[{"href":"https:\/\/fruitbubba.com\/es\/wp-json\/wp\/v2\/media?parent=2465"}],"wp:term":[{"taxonomy":"product_brand","embeddable":true,"href":"https:\/\/fruitbubba.com\/es\/wp-json\/wp\/v2\/product_brand?post=2465"},{"taxonomy":"product_cat","embeddable":true,"href":"https:\/\/fruitbubba.com\/es\/wp-json\/wp\/v2\/product_cat?post=2465"},{"taxonomy":"product_tag","embeddable":true,"href":"https:\/\/fruitbubba.com\/es\/wp-json\/wp\/v2\/product_tag?post=2465"}],"curies":[{"name":"wp","href":"https:\/\/api.w.org\/{rel}","templated":true}]}}