{"id":2461,"date":"2022-05-03T10:17:01","date_gmt":"2022-05-03T14:17:01","guid":{"rendered":"https:\/\/fruitbubba.com\/producto\/espinacas\/"},"modified":"2022-05-03T10:17:01","modified_gmt":"2022-05-03T10:17:01","slug":"espinacas","status":"publish","type":"product","link":"https:\/\/fruitbubba.com\/es\/producto\/espinacas\/","title":{"rendered":"Espinacas"},"content":{"rendered":"<p><strong>Las espinacas son las plantas herb\u00e1ceas de corto desarrollo y hojas de color verde oscuro insertadas en un peque\u00f1o tallo.<\/strong> Las hojas de espinaca se utilizan en una gran variedad de platos, desde crudos hasta cocidos, siendo m\u00e1s saludables en platos sin cocinar.<\/p>\n<p class=\"text-left\"><a id=\"btn-ubs001\" class=\"custom-btn big primary\" style=\"color: #000000;\" title=\"Detalles\" href=\"https:\/\/fruitbubba.com\/spinachs\/\">M\u00e1s detalles<\/a><\/p>\n","protected":false},"excerpt":{"rendered":"<p><strong>Las espinacas son las plantas herb\u00e1ceas de corto desarrollo y hojas de color verde oscuro insertadas en un peque\u00f1o tallo.<\/strong> Las hojas de espinaca se utilizan en una gran variedad de platos, desde crudos hasta cocidos, siendo m\u00e1s saludables en platos sin cocinar.<\/p>\n","protected":false},"featured_media":2445,"comment_status":"open","ping_status":"closed","template":"","meta":[],"product_brand":[],"product_cat":[42],"product_tag":[],"class_list":{"0":"post-2461","1":"product","2":"type-product","3":"status-publish","4":"has-post-thumbnail","6":"product_cat-herbaceas","8":"first","9":"instock","10":"shipping-taxable","11":"product-type-simple"},"yoast_head":"<!-- This site is optimized with the Yoast SEO plugin v27.5 - https:\/\/yoast.com\/product\/yoast-seo-wordpress\/ -->\n<title>Espinacas - USA Bubba Fresh<\/title>\n<meta name=\"robots\" content=\"index, follow, max-snippet:-1, max-image-preview:large, max-video-preview:-1\" \/>\n<link rel=\"canonical\" href=\"https:\/\/fruitbubba.com\/es\/producto\/espinacas\/\" \/>\n<meta property=\"og:locale\" content=\"es_ES\" \/>\n<meta property=\"og:type\" content=\"article\" \/>\n<meta property=\"og:title\" content=\"Espinacas - USA Bubba Fresh\" \/>\n<meta property=\"og:description\" content=\"Las espinacas son las plantas herb\u00e1ceas de corto desarrollo y hojas de color verde oscuro insertadas en un peque\u00f1o tallo. Las hojas de espinaca se utilizan en una gran variedad de platos, desde crudos hasta cocidos, siendo m\u00e1s saludables en platos sin cocinar.\" \/>\n<meta property=\"og:url\" content=\"https:\/\/fruitbubba.com\/es\/producto\/espinacas\/\" \/>\n<meta property=\"og:site_name\" content=\"USA Bubba Fresh\" \/>\n<meta name=\"twitter:card\" content=\"summary_large_image\" \/>\n<script type=\"application\/ld+json\" class=\"yoast-schema-graph\">{\"@context\":\"https:\\\/\\\/schema.org\",\"@graph\":[{\"@type\":\"WebPage\",\"@id\":\"https:\\\/\\\/fruitbubba.com\\\/es\\\/producto\\\/espinacas\\\/\",\"url\":\"https:\\\/\\\/fruitbubba.com\\\/es\\\/producto\\\/espinacas\\\/\",\"name\":\"Espinacas - USA Bubba Fresh\",\"isPartOf\":{\"@id\":\"https:\\\/\\\/fruitbubba.com\\\/es\\\/#website\"},\"primaryImageOfPage\":{\"@id\":\"https:\\\/\\\/fruitbubba.com\\\/es\\\/producto\\\/espinacas\\\/#primaryimage\"},\"image\":{\"@id\":\"https:\\\/\\\/fruitbubba.com\\\/es\\\/producto\\\/espinacas\\\/#primaryimage\"},\"thumbnailUrl\":\"https:\\\/\\\/fruitbubba.com\\\/wp-content\\\/uploads\\\/2022\\\/05\\\/usa-bubba-fruit-spinachs-1.png\",\"datePublished\":\"2022-05-03T14:17:01+00:00\",\"breadcrumb\":{\"@id\":\"https:\\\/\\\/fruitbubba.com\\\/es\\\/producto\\\/espinacas\\\/#breadcrumb\"},\"inLanguage\":\"es\",\"potentialAction\":[{\"@type\":\"ReadAction\",\"target\":[\"https:\\\/\\\/fruitbubba.com\\\/es\\\/producto\\\/espinacas\\\/\"]}]},{\"@type\":\"ImageObject\",\"inLanguage\":\"es\",\"@id\":\"https:\\\/\\\/fruitbubba.com\\\/es\\\/producto\\\/espinacas\\\/#primaryimage\",\"url\":\"https:\\\/\\\/fruitbubba.com\\\/wp-content\\\/uploads\\\/2022\\\/05\\\/usa-bubba-fruit-spinachs-1.png\",\"contentUrl\":\"https:\\\/\\\/fruitbubba.com\\\/wp-content\\\/uploads\\\/2022\\\/05\\\/usa-bubba-fruit-spinachs-1.png\",\"width\":800,\"height\":800},{\"@type\":\"BreadcrumbList\",\"@id\":\"https:\\\/\\\/fruitbubba.com\\\/es\\\/producto\\\/espinacas\\\/#breadcrumb\",\"itemListElement\":[{\"@type\":\"ListItem\",\"position\":1,\"name\":\"Portada\",\"item\":\"https:\\\/\\\/fruitbubba.com\\\/es\\\/\"},{\"@type\":\"ListItem\",\"position\":2,\"name\":\"Tienda\",\"item\":\"https:\\\/\\\/fruitbubba.com\\\/es\\\/tienda-2\\\/\"},{\"@type\":\"ListItem\",\"position\":3,\"name\":\"Espinacas\"}]},{\"@type\":\"WebSite\",\"@id\":\"https:\\\/\\\/fruitbubba.com\\\/es\\\/#website\",\"url\":\"https:\\\/\\\/fruitbubba.com\\\/es\\\/\",\"name\":\"USA Bubba Fresh\",\"description\":\"Supreme Flavour \u00b7 Commited to Solidarity\",\"potentialAction\":[{\"@type\":\"SearchAction\",\"target\":{\"@type\":\"EntryPoint\",\"urlTemplate\":\"https:\\\/\\\/fruitbubba.com\\\/es\\\/?s={search_term_string}\"},\"query-input\":{\"@type\":\"PropertyValueSpecification\",\"valueRequired\":true,\"valueName\":\"search_term_string\"}}],\"inLanguage\":\"es\"}]}<\/script>\n<!-- \/ Yoast SEO plugin. -->","yoast_head_json":{"title":"Espinacas - USA Bubba Fresh","robots":{"index":"index","follow":"follow","max-snippet":"max-snippet:-1","max-image-preview":"max-image-preview:large","max-video-preview":"max-video-preview:-1"},"canonical":"https:\/\/fruitbubba.com\/es\/producto\/espinacas\/","og_locale":"es_ES","og_type":"article","og_title":"Espinacas - USA Bubba Fresh","og_description":"Las espinacas son las plantas herb\u00e1ceas de corto desarrollo y hojas de color verde oscuro insertadas en un peque\u00f1o tallo. Las hojas de espinaca se utilizan en una gran variedad de platos, desde crudos hasta cocidos, siendo m\u00e1s saludables en platos sin cocinar.","og_url":"https:\/\/fruitbubba.com\/es\/producto\/espinacas\/","og_site_name":"USA Bubba Fresh","twitter_card":"summary_large_image","schema":{"@context":"https:\/\/schema.org","@graph":[{"@type":"WebPage","@id":"https:\/\/fruitbubba.com\/es\/producto\/espinacas\/","url":"https:\/\/fruitbubba.com\/es\/producto\/espinacas\/","name":"Espinacas - USA Bubba Fresh","isPartOf":{"@id":"https:\/\/fruitbubba.com\/es\/#website"},"primaryImageOfPage":{"@id":"https:\/\/fruitbubba.com\/es\/producto\/espinacas\/#primaryimage"},"image":{"@id":"https:\/\/fruitbubba.com\/es\/producto\/espinacas\/#primaryimage"},"thumbnailUrl":"https:\/\/fruitbubba.com\/wp-content\/uploads\/2022\/05\/usa-bubba-fruit-spinachs-1.png","datePublished":"2022-05-03T14:17:01+00:00","breadcrumb":{"@id":"https:\/\/fruitbubba.com\/es\/producto\/espinacas\/#breadcrumb"},"inLanguage":"es","potentialAction":[{"@type":"ReadAction","target":["https:\/\/fruitbubba.com\/es\/producto\/espinacas\/"]}]},{"@type":"ImageObject","inLanguage":"es","@id":"https:\/\/fruitbubba.com\/es\/producto\/espinacas\/#primaryimage","url":"https:\/\/fruitbubba.com\/wp-content\/uploads\/2022\/05\/usa-bubba-fruit-spinachs-1.png","contentUrl":"https:\/\/fruitbubba.com\/wp-content\/uploads\/2022\/05\/usa-bubba-fruit-spinachs-1.png","width":800,"height":800},{"@type":"BreadcrumbList","@id":"https:\/\/fruitbubba.com\/es\/producto\/espinacas\/#breadcrumb","itemListElement":[{"@type":"ListItem","position":1,"name":"Portada","item":"https:\/\/fruitbubba.com\/es\/"},{"@type":"ListItem","position":2,"name":"Tienda","item":"https:\/\/fruitbubba.com\/es\/tienda-2\/"},{"@type":"ListItem","position":3,"name":"Espinacas"}]},{"@type":"WebSite","@id":"https:\/\/fruitbubba.com\/es\/#website","url":"https:\/\/fruitbubba.com\/es\/","name":"USA Bubba Fresh","description":"Supreme Flavour \u00b7 Commited to Solidarity","potentialAction":[{"@type":"SearchAction","target":{"@type":"EntryPoint","urlTemplate":"https:\/\/fruitbubba.com\/es\/?s={search_term_string}"},"query-input":{"@type":"PropertyValueSpecification","valueRequired":true,"valueName":"search_term_string"}}],"inLanguage":"es"}]}},"_links":{"self":[{"href":"https:\/\/fruitbubba.com\/es\/wp-json\/wp\/v2\/product\/2461","targetHints":{"allow":["GET"]}}],"collection":[{"href":"https:\/\/fruitbubba.com\/es\/wp-json\/wp\/v2\/product"}],"about":[{"href":"https:\/\/fruitbubba.com\/es\/wp-json\/wp\/v2\/types\/product"}],"replies":[{"embeddable":true,"href":"https:\/\/fruitbubba.com\/es\/wp-json\/wp\/v2\/comments?post=2461"}],"wp:featuredmedia":[{"embeddable":true,"href":"https:\/\/fruitbubba.com\/es\/wp-json\/wp\/v2\/media\/2445"}],"wp:attachment":[{"href":"https:\/\/fruitbubba.com\/es\/wp-json\/wp\/v2\/media?parent=2461"}],"wp:term":[{"taxonomy":"product_brand","embeddable":true,"href":"https:\/\/fruitbubba.com\/es\/wp-json\/wp\/v2\/product_brand?post=2461"},{"taxonomy":"product_cat","embeddable":true,"href":"https:\/\/fruitbubba.com\/es\/wp-json\/wp\/v2\/product_cat?post=2461"},{"taxonomy":"product_tag","embeddable":true,"href":"https:\/\/fruitbubba.com\/es\/wp-json\/wp\/v2\/product_tag?post=2461"}],"curies":[{"name":"wp","href":"https:\/\/api.w.org\/{rel}","templated":true}]}}