{"id":2390,"date":"2022-05-12T11:45:08","date_gmt":"2022-05-12T11:45:08","guid":{"rendered":"https:\/\/fruitbubba.com\/producto\/melon-piel-de-sapo\/"},"modified":"2023-06-10T11:00:54","modified_gmt":"2023-06-10T15:00:54","slug":"melon-2","status":"publish","type":"product","link":"https:\/\/fruitbubba.com\/es\/producto\/melon-2\/","title":{"rendered":"Mel\u00f3n piel de sapo"},"content":{"rendered":"<p><strong>El mel\u00f3n piel de sapo es una exquisita variedad de forma ovalada<\/strong>, su tama\u00f1o es medio grande y su corteza color verde tenue. Su carne es de gran calidad, de color blanco y textura crujiente. Es una planta r\u00fastica y vigorosa de gran facilidad de cuajado y con una alta calidad gustativa.<\/p>\n<p class=\"text-left\"><a id=\"btn-ubs001\" class=\"custom-btn big primary\" style=\"color: #000000;\" title=\"Detalles\" href=\"https:\/\/fruitbubba.com\/es\/melon\/\">M\u00e1s detalles<\/a><\/p>\n","protected":false},"excerpt":{"rendered":"<p><strong>Cucumis melo, cultivado por su fruta comestible a menudo con aroma a almizcle.<\/strong> La planta del mel\u00f3n es originaria de Asia central y sus muchas variedades se cultivan ampliamente en regiones c\u00e1lidas de todo el mundo. La mayor\u00eda de los melones comercialmente importantes son dulces y se comen frescos, aunque algunas variedades se pueden convertir en conservas o en escabeche.<\/p>\n","protected":false},"featured_media":2420,"comment_status":"open","ping_status":"closed","template":"","meta":[],"product_brand":[],"product_cat":[40],"product_tag":[],"class_list":{"0":"post-2390","1":"product","2":"type-product","3":"status-publish","4":"has-post-thumbnail","6":"product_cat-cucurbitaceas","8":"first","9":"instock","10":"shipping-taxable","11":"product-type-simple"},"yoast_head":"<!-- This site is optimized with the Yoast SEO plugin v27.4 - https:\/\/yoast.com\/product\/yoast-seo-wordpress\/ -->\n<title>Mel\u00f3n piel de sapo - USA Bubba Fresh<\/title>\n<meta name=\"robots\" content=\"index, follow, max-snippet:-1, max-image-preview:large, max-video-preview:-1\" \/>\n<link rel=\"canonical\" href=\"https:\/\/fruitbubba.com\/es\/producto\/melon-2\/\" \/>\n<meta property=\"og:locale\" content=\"es_ES\" \/>\n<meta property=\"og:type\" content=\"article\" \/>\n<meta property=\"og:title\" content=\"Mel\u00f3n piel de sapo - USA Bubba Fresh\" \/>\n<meta property=\"og:description\" content=\"Cucumis melo, cultivado por su fruta comestible a menudo con aroma a almizcle. La planta del mel\u00f3n es originaria de Asia central y sus muchas variedades se cultivan ampliamente en regiones c\u00e1lidas de todo el mundo. La mayor\u00eda de los melones comercialmente importantes son dulces y se comen frescos, aunque algunas variedades se pueden convertir en conservas o en escabeche.\" \/>\n<meta property=\"og:url\" content=\"https:\/\/fruitbubba.com\/es\/producto\/melon-2\/\" \/>\n<meta property=\"og:site_name\" content=\"USA Bubba Fresh\" \/>\n<meta property=\"article:modified_time\" content=\"2023-06-10T15:00:54+00:00\" \/>\n<meta name=\"twitter:card\" content=\"summary_large_image\" \/>\n<script type=\"application\/ld+json\" class=\"yoast-schema-graph\">{\"@context\":\"https:\\\/\\\/schema.org\",\"@graph\":[{\"@type\":\"WebPage\",\"@id\":\"https:\\\/\\\/fruitbubba.com\\\/es\\\/producto\\\/melon-2\\\/\",\"url\":\"https:\\\/\\\/fruitbubba.com\\\/es\\\/producto\\\/melon-2\\\/\",\"name\":\"Mel\u00f3n piel de sapo - USA Bubba Fresh\",\"isPartOf\":{\"@id\":\"https:\\\/\\\/fruitbubba.com\\\/es\\\/#website\"},\"primaryImageOfPage\":{\"@id\":\"https:\\\/\\\/fruitbubba.com\\\/es\\\/producto\\\/melon-2\\\/#primaryimage\"},\"image\":{\"@id\":\"https:\\\/\\\/fruitbubba.com\\\/es\\\/producto\\\/melon-2\\\/#primaryimage\"},\"thumbnailUrl\":\"https:\\\/\\\/fruitbubba.com\\\/wp-content\\\/uploads\\\/2022\\\/05\\\/usa-bubba-fruit-melon-1.png\",\"datePublished\":\"2022-05-12T11:45:08+00:00\",\"dateModified\":\"2023-06-10T15:00:54+00:00\",\"breadcrumb\":{\"@id\":\"https:\\\/\\\/fruitbubba.com\\\/es\\\/producto\\\/melon-2\\\/#breadcrumb\"},\"inLanguage\":\"es\",\"potentialAction\":[{\"@type\":\"ReadAction\",\"target\":[\"https:\\\/\\\/fruitbubba.com\\\/es\\\/producto\\\/melon-2\\\/\"]}]},{\"@type\":\"ImageObject\",\"inLanguage\":\"es\",\"@id\":\"https:\\\/\\\/fruitbubba.com\\\/es\\\/producto\\\/melon-2\\\/#primaryimage\",\"url\":\"https:\\\/\\\/fruitbubba.com\\\/wp-content\\\/uploads\\\/2022\\\/05\\\/usa-bubba-fruit-melon-1.png\",\"contentUrl\":\"https:\\\/\\\/fruitbubba.com\\\/wp-content\\\/uploads\\\/2022\\\/05\\\/usa-bubba-fruit-melon-1.png\",\"width\":800,\"height\":800},{\"@type\":\"BreadcrumbList\",\"@id\":\"https:\\\/\\\/fruitbubba.com\\\/es\\\/producto\\\/melon-2\\\/#breadcrumb\",\"itemListElement\":[{\"@type\":\"ListItem\",\"position\":1,\"name\":\"Portada\",\"item\":\"https:\\\/\\\/fruitbubba.com\\\/es\\\/\"},{\"@type\":\"ListItem\",\"position\":2,\"name\":\"Tienda\",\"item\":\"https:\\\/\\\/fruitbubba.com\\\/es\\\/tienda-2\\\/\"},{\"@type\":\"ListItem\",\"position\":3,\"name\":\"Mel\u00f3n piel de sapo\"}]},{\"@type\":\"WebSite\",\"@id\":\"https:\\\/\\\/fruitbubba.com\\\/es\\\/#website\",\"url\":\"https:\\\/\\\/fruitbubba.com\\\/es\\\/\",\"name\":\"USA Bubba Fresh\",\"description\":\"Supreme Flavour \u00b7 Commited to Solidarity\",\"potentialAction\":[{\"@type\":\"SearchAction\",\"target\":{\"@type\":\"EntryPoint\",\"urlTemplate\":\"https:\\\/\\\/fruitbubba.com\\\/es\\\/?s={search_term_string}\"},\"query-input\":{\"@type\":\"PropertyValueSpecification\",\"valueRequired\":true,\"valueName\":\"search_term_string\"}}],\"inLanguage\":\"es\"}]}<\/script>\n<!-- \/ Yoast SEO plugin. -->","yoast_head_json":{"title":"Mel\u00f3n piel de sapo - USA Bubba Fresh","robots":{"index":"index","follow":"follow","max-snippet":"max-snippet:-1","max-image-preview":"max-image-preview:large","max-video-preview":"max-video-preview:-1"},"canonical":"https:\/\/fruitbubba.com\/es\/producto\/melon-2\/","og_locale":"es_ES","og_type":"article","og_title":"Mel\u00f3n piel de sapo - USA Bubba Fresh","og_description":"Cucumis melo, cultivado por su fruta comestible a menudo con aroma a almizcle. La planta del mel\u00f3n es originaria de Asia central y sus muchas variedades se cultivan ampliamente en regiones c\u00e1lidas de todo el mundo. La mayor\u00eda de los melones comercialmente importantes son dulces y se comen frescos, aunque algunas variedades se pueden convertir en conservas o en escabeche.","og_url":"https:\/\/fruitbubba.com\/es\/producto\/melon-2\/","og_site_name":"USA Bubba Fresh","article_modified_time":"2023-06-10T15:00:54+00:00","twitter_card":"summary_large_image","schema":{"@context":"https:\/\/schema.org","@graph":[{"@type":"WebPage","@id":"https:\/\/fruitbubba.com\/es\/producto\/melon-2\/","url":"https:\/\/fruitbubba.com\/es\/producto\/melon-2\/","name":"Mel\u00f3n piel de sapo - USA Bubba Fresh","isPartOf":{"@id":"https:\/\/fruitbubba.com\/es\/#website"},"primaryImageOfPage":{"@id":"https:\/\/fruitbubba.com\/es\/producto\/melon-2\/#primaryimage"},"image":{"@id":"https:\/\/fruitbubba.com\/es\/producto\/melon-2\/#primaryimage"},"thumbnailUrl":"https:\/\/fruitbubba.com\/wp-content\/uploads\/2022\/05\/usa-bubba-fruit-melon-1.png","datePublished":"2022-05-12T11:45:08+00:00","dateModified":"2023-06-10T15:00:54+00:00","breadcrumb":{"@id":"https:\/\/fruitbubba.com\/es\/producto\/melon-2\/#breadcrumb"},"inLanguage":"es","potentialAction":[{"@type":"ReadAction","target":["https:\/\/fruitbubba.com\/es\/producto\/melon-2\/"]}]},{"@type":"ImageObject","inLanguage":"es","@id":"https:\/\/fruitbubba.com\/es\/producto\/melon-2\/#primaryimage","url":"https:\/\/fruitbubba.com\/wp-content\/uploads\/2022\/05\/usa-bubba-fruit-melon-1.png","contentUrl":"https:\/\/fruitbubba.com\/wp-content\/uploads\/2022\/05\/usa-bubba-fruit-melon-1.png","width":800,"height":800},{"@type":"BreadcrumbList","@id":"https:\/\/fruitbubba.com\/es\/producto\/melon-2\/#breadcrumb","itemListElement":[{"@type":"ListItem","position":1,"name":"Portada","item":"https:\/\/fruitbubba.com\/es\/"},{"@type":"ListItem","position":2,"name":"Tienda","item":"https:\/\/fruitbubba.com\/es\/tienda-2\/"},{"@type":"ListItem","position":3,"name":"Mel\u00f3n piel de sapo"}]},{"@type":"WebSite","@id":"https:\/\/fruitbubba.com\/es\/#website","url":"https:\/\/fruitbubba.com\/es\/","name":"USA Bubba Fresh","description":"Supreme Flavour \u00b7 Commited to Solidarity","potentialAction":[{"@type":"SearchAction","target":{"@type":"EntryPoint","urlTemplate":"https:\/\/fruitbubba.com\/es\/?s={search_term_string}"},"query-input":{"@type":"PropertyValueSpecification","valueRequired":true,"valueName":"search_term_string"}}],"inLanguage":"es"}]}},"_links":{"self":[{"href":"https:\/\/fruitbubba.com\/es\/wp-json\/wp\/v2\/product\/2390","targetHints":{"allow":["GET"]}}],"collection":[{"href":"https:\/\/fruitbubba.com\/es\/wp-json\/wp\/v2\/product"}],"about":[{"href":"https:\/\/fruitbubba.com\/es\/wp-json\/wp\/v2\/types\/product"}],"replies":[{"embeddable":true,"href":"https:\/\/fruitbubba.com\/es\/wp-json\/wp\/v2\/comments?post=2390"}],"wp:featuredmedia":[{"embeddable":true,"href":"https:\/\/fruitbubba.com\/es\/wp-json\/wp\/v2\/media\/2420"}],"wp:attachment":[{"href":"https:\/\/fruitbubba.com\/es\/wp-json\/wp\/v2\/media?parent=2390"}],"wp:term":[{"taxonomy":"product_brand","embeddable":true,"href":"https:\/\/fruitbubba.com\/es\/wp-json\/wp\/v2\/product_brand?post=2390"},{"taxonomy":"product_cat","embeddable":true,"href":"https:\/\/fruitbubba.com\/es\/wp-json\/wp\/v2\/product_cat?post=2390"},{"taxonomy":"product_tag","embeddable":true,"href":"https:\/\/fruitbubba.com\/es\/wp-json\/wp\/v2\/product_tag?post=2390"}],"curies":[{"name":"wp","href":"https:\/\/api.w.org\/{rel}","templated":true}]}}