{"id":2116,"date":"2022-05-27T11:29:25","date_gmt":"2022-05-27T11:29:25","guid":{"rendered":"https:\/\/fruitbubba.com\/producto\/limon-ecologico\/"},"modified":"2024-03-15T07:24:11","modified_gmt":"2024-03-15T11:24:11","slug":"limon-ecologico","status":"publish","type":"product","link":"https:\/\/fruitbubba.com\/es\/producto\/limon-ecologico\/","title":{"rendered":"Lim\u00f3n Ecol\u00f3gico"},"content":{"rendered":"<p><strong>El lim\u00f3n ecol\u00f3gico, es una fruta c\u00edtrica que destaca por su gran contenido en Vitamina C, adem\u00e1s el lim\u00f3n tiene efecto antioxidante y multitud de propiedades curativas.<\/strong> Es un extraordinario depurativo sangu\u00edneo, y sus efectos pueden sentirse apenas minutos despu\u00e9s de haberlo ingerido.<\/p>\n<p class=\"text-left\"><a id=\"btn-ubs001\" class=\"custom-btn big primary\" style=\"color: #000000;\" title=\"Detalles\" href=\"https:\/\/fruitbubba.com\/es\/limon-ecologico\/\">M\u00e1s detalles<\/a><\/p>\n","protected":false},"excerpt":{"rendered":"<p><strong>El lim\u00f3n ecol\u00f3gico, es una fruta c\u00edtrica que destaca por su gran contenido en Vitamina C, adem\u00e1s el lim\u00f3n tiene efecto antioxidante y multitud de propiedades curativas.<\/strong> Es un extraordinario depurativo sangu\u00edneo, y sus efectos pueden sentirse apenas minutos despu\u00e9s de haberlo ingerido.<\/p>\n","protected":false},"featured_media":2447,"comment_status":"open","ping_status":"closed","template":"","meta":[],"product_brand":[],"product_cat":[37],"product_tag":[],"class_list":{"0":"post-2116","1":"product","2":"type-product","3":"status-publish","4":"has-post-thumbnail","6":"product_cat-sin-categorizar-es","8":"first","9":"instock","10":"shipping-taxable","11":"purchasable","12":"product-type-simple"},"yoast_head":"<!-- This site is optimized with the Yoast SEO plugin v27.4 - https:\/\/yoast.com\/product\/yoast-seo-wordpress\/ -->\n<title>Lim\u00f3n Ecol\u00f3gico - USA Bubba Fresh<\/title>\n<meta name=\"robots\" content=\"index, follow, max-snippet:-1, max-image-preview:large, max-video-preview:-1\" \/>\n<link rel=\"canonical\" href=\"https:\/\/fruitbubba.com\/es\/producto\/limon-ecologico\/\" \/>\n<meta property=\"og:locale\" content=\"es_ES\" \/>\n<meta property=\"og:type\" content=\"article\" \/>\n<meta property=\"og:title\" content=\"Lim\u00f3n Ecol\u00f3gico - USA Bubba Fresh\" \/>\n<meta property=\"og:description\" content=\"El lim\u00f3n ecol\u00f3gico, es una fruta c\u00edtrica que destaca por su gran contenido en Vitamina C, adem\u00e1s el lim\u00f3n tiene efecto antioxidante y multitud de propiedades curativas. Es un extraordinario depurativo sangu\u00edneo, y sus efectos pueden sentirse apenas minutos despu\u00e9s de haberlo ingerido.\" \/>\n<meta property=\"og:url\" content=\"https:\/\/fruitbubba.com\/es\/producto\/limon-ecologico\/\" \/>\n<meta property=\"og:site_name\" content=\"USA Bubba Fresh\" \/>\n<meta property=\"article:modified_time\" content=\"2024-03-15T11:24:11+00:00\" \/>\n<meta name=\"twitter:card\" content=\"summary_large_image\" \/>\n<script type=\"application\/ld+json\" class=\"yoast-schema-graph\">{\"@context\":\"https:\\\/\\\/schema.org\",\"@graph\":[{\"@type\":\"WebPage\",\"@id\":\"https:\\\/\\\/fruitbubba.com\\\/es\\\/producto\\\/limon-ecologico\\\/\",\"url\":\"https:\\\/\\\/fruitbubba.com\\\/es\\\/producto\\\/limon-ecologico\\\/\",\"name\":\"Lim\u00f3n Ecol\u00f3gico - USA Bubba Fresh\",\"isPartOf\":{\"@id\":\"https:\\\/\\\/fruitbubba.com\\\/es\\\/#website\"},\"primaryImageOfPage\":{\"@id\":\"https:\\\/\\\/fruitbubba.com\\\/es\\\/producto\\\/limon-ecologico\\\/#primaryimage\"},\"image\":{\"@id\":\"https:\\\/\\\/fruitbubba.com\\\/es\\\/producto\\\/limon-ecologico\\\/#primaryimage\"},\"thumbnailUrl\":\"https:\\\/\\\/fruitbubba.com\\\/wp-content\\\/uploads\\\/2022\\\/05\\\/limones.png\",\"datePublished\":\"2022-05-27T11:29:25+00:00\",\"dateModified\":\"2024-03-15T11:24:11+00:00\",\"breadcrumb\":{\"@id\":\"https:\\\/\\\/fruitbubba.com\\\/es\\\/producto\\\/limon-ecologico\\\/#breadcrumb\"},\"inLanguage\":\"es\",\"potentialAction\":[{\"@type\":\"ReadAction\",\"target\":[\"https:\\\/\\\/fruitbubba.com\\\/es\\\/producto\\\/limon-ecologico\\\/\"]}]},{\"@type\":\"ImageObject\",\"inLanguage\":\"es\",\"@id\":\"https:\\\/\\\/fruitbubba.com\\\/es\\\/producto\\\/limon-ecologico\\\/#primaryimage\",\"url\":\"https:\\\/\\\/fruitbubba.com\\\/wp-content\\\/uploads\\\/2022\\\/05\\\/limones.png\",\"contentUrl\":\"https:\\\/\\\/fruitbubba.com\\\/wp-content\\\/uploads\\\/2022\\\/05\\\/limones.png\",\"width\":800,\"height\":800},{\"@type\":\"BreadcrumbList\",\"@id\":\"https:\\\/\\\/fruitbubba.com\\\/es\\\/producto\\\/limon-ecologico\\\/#breadcrumb\",\"itemListElement\":[{\"@type\":\"ListItem\",\"position\":1,\"name\":\"Portada\",\"item\":\"https:\\\/\\\/fruitbubba.com\\\/es\\\/\"},{\"@type\":\"ListItem\",\"position\":2,\"name\":\"Tienda\",\"item\":\"https:\\\/\\\/fruitbubba.com\\\/es\\\/tienda-2\\\/\"},{\"@type\":\"ListItem\",\"position\":3,\"name\":\"Lim\u00f3n Ecol\u00f3gico\"}]},{\"@type\":\"WebSite\",\"@id\":\"https:\\\/\\\/fruitbubba.com\\\/es\\\/#website\",\"url\":\"https:\\\/\\\/fruitbubba.com\\\/es\\\/\",\"name\":\"USA Bubba Fresh\",\"description\":\"Supreme Flavour \u00b7 Commited to Solidarity\",\"potentialAction\":[{\"@type\":\"SearchAction\",\"target\":{\"@type\":\"EntryPoint\",\"urlTemplate\":\"https:\\\/\\\/fruitbubba.com\\\/es\\\/?s={search_term_string}\"},\"query-input\":{\"@type\":\"PropertyValueSpecification\",\"valueRequired\":true,\"valueName\":\"search_term_string\"}}],\"inLanguage\":\"es\"}]}<\/script>\n<!-- \/ Yoast SEO plugin. -->","yoast_head_json":{"title":"Lim\u00f3n Ecol\u00f3gico - USA Bubba Fresh","robots":{"index":"index","follow":"follow","max-snippet":"max-snippet:-1","max-image-preview":"max-image-preview:large","max-video-preview":"max-video-preview:-1"},"canonical":"https:\/\/fruitbubba.com\/es\/producto\/limon-ecologico\/","og_locale":"es_ES","og_type":"article","og_title":"Lim\u00f3n Ecol\u00f3gico - USA Bubba Fresh","og_description":"El lim\u00f3n ecol\u00f3gico, es una fruta c\u00edtrica que destaca por su gran contenido en Vitamina C, adem\u00e1s el lim\u00f3n tiene efecto antioxidante y multitud de propiedades curativas. Es un extraordinario depurativo sangu\u00edneo, y sus efectos pueden sentirse apenas minutos despu\u00e9s de haberlo ingerido.","og_url":"https:\/\/fruitbubba.com\/es\/producto\/limon-ecologico\/","og_site_name":"USA Bubba Fresh","article_modified_time":"2024-03-15T11:24:11+00:00","twitter_card":"summary_large_image","schema":{"@context":"https:\/\/schema.org","@graph":[{"@type":"WebPage","@id":"https:\/\/fruitbubba.com\/es\/producto\/limon-ecologico\/","url":"https:\/\/fruitbubba.com\/es\/producto\/limon-ecologico\/","name":"Lim\u00f3n Ecol\u00f3gico - USA Bubba Fresh","isPartOf":{"@id":"https:\/\/fruitbubba.com\/es\/#website"},"primaryImageOfPage":{"@id":"https:\/\/fruitbubba.com\/es\/producto\/limon-ecologico\/#primaryimage"},"image":{"@id":"https:\/\/fruitbubba.com\/es\/producto\/limon-ecologico\/#primaryimage"},"thumbnailUrl":"https:\/\/fruitbubba.com\/wp-content\/uploads\/2022\/05\/limones.png","datePublished":"2022-05-27T11:29:25+00:00","dateModified":"2024-03-15T11:24:11+00:00","breadcrumb":{"@id":"https:\/\/fruitbubba.com\/es\/producto\/limon-ecologico\/#breadcrumb"},"inLanguage":"es","potentialAction":[{"@type":"ReadAction","target":["https:\/\/fruitbubba.com\/es\/producto\/limon-ecologico\/"]}]},{"@type":"ImageObject","inLanguage":"es","@id":"https:\/\/fruitbubba.com\/es\/producto\/limon-ecologico\/#primaryimage","url":"https:\/\/fruitbubba.com\/wp-content\/uploads\/2022\/05\/limones.png","contentUrl":"https:\/\/fruitbubba.com\/wp-content\/uploads\/2022\/05\/limones.png","width":800,"height":800},{"@type":"BreadcrumbList","@id":"https:\/\/fruitbubba.com\/es\/producto\/limon-ecologico\/#breadcrumb","itemListElement":[{"@type":"ListItem","position":1,"name":"Portada","item":"https:\/\/fruitbubba.com\/es\/"},{"@type":"ListItem","position":2,"name":"Tienda","item":"https:\/\/fruitbubba.com\/es\/tienda-2\/"},{"@type":"ListItem","position":3,"name":"Lim\u00f3n Ecol\u00f3gico"}]},{"@type":"WebSite","@id":"https:\/\/fruitbubba.com\/es\/#website","url":"https:\/\/fruitbubba.com\/es\/","name":"USA Bubba Fresh","description":"Supreme Flavour \u00b7 Commited to Solidarity","potentialAction":[{"@type":"SearchAction","target":{"@type":"EntryPoint","urlTemplate":"https:\/\/fruitbubba.com\/es\/?s={search_term_string}"},"query-input":{"@type":"PropertyValueSpecification","valueRequired":true,"valueName":"search_term_string"}}],"inLanguage":"es"}]}},"_links":{"self":[{"href":"https:\/\/fruitbubba.com\/es\/wp-json\/wp\/v2\/product\/2116","targetHints":{"allow":["GET"]}}],"collection":[{"href":"https:\/\/fruitbubba.com\/es\/wp-json\/wp\/v2\/product"}],"about":[{"href":"https:\/\/fruitbubba.com\/es\/wp-json\/wp\/v2\/types\/product"}],"replies":[{"embeddable":true,"href":"https:\/\/fruitbubba.com\/es\/wp-json\/wp\/v2\/comments?post=2116"}],"wp:featuredmedia":[{"embeddable":true,"href":"https:\/\/fruitbubba.com\/es\/wp-json\/wp\/v2\/media\/2447"}],"wp:attachment":[{"href":"https:\/\/fruitbubba.com\/es\/wp-json\/wp\/v2\/media?parent=2116"}],"wp:term":[{"taxonomy":"product_brand","embeddable":true,"href":"https:\/\/fruitbubba.com\/es\/wp-json\/wp\/v2\/product_brand?post=2116"},{"taxonomy":"product_cat","embeddable":true,"href":"https:\/\/fruitbubba.com\/es\/wp-json\/wp\/v2\/product_cat?post=2116"},{"taxonomy":"product_tag","embeddable":true,"href":"https:\/\/fruitbubba.com\/es\/wp-json\/wp\/v2\/product_tag?post=2116"}],"curies":[{"name":"wp","href":"https:\/\/api.w.org\/{rel}","templated":true}]}}