{"id":3030,"date":"2022-04-28T12:03:55","date_gmt":"2022-04-28T16:03:55","guid":{"rendered":"https:\/\/fruitbubba.com\/espinacas\/"},"modified":"2022-06-08T06:08:49","modified_gmt":"2022-06-08T10:08:49","slug":"espinacas","status":"publish","type":"page","link":"https:\/\/fruitbubba.com\/es\/espinacas\/","title":{"rendered":"ESPINACAS"},"content":{"rendered":"<section class=\"wpb-content-wrapper\"><p>[vc_row][vc_column][vc_single_image image=\u00bb1899&#8243; img_size=\u00bblarge\u00bb alignment=\u00bbcenter\u00bb css=\u00bb.vc_custom_1653564348766{margin-top: 150px !important;}\u00bb][\/vc_column][\/vc_row][vc_row][vc_column width=\u00bb1\/2&#8243;][vc_column_text]<\/p>\n<h2 style=\"color: #e04243; font-weight: bold; font-size: 4em !important; text-align: center;\">Espinacas<\/h2>\n<p>[\/vc_column_text][\/vc_column][vc_column width=\u00bb1\/2&#8243;][vc_column_text css=\u00bb.vc_custom_1651220747093{padding-top: 15px !important;}\u00bb]<span style=\"font-size: 1.2em;\"><strong>Las espinacas son las plantas herb\u00e1ceas de corto desarrollo y hojas de color verde oscuro insertadas en un peque\u00f1o tallo.<\/strong> Las hojas de espinaca se utilizan en una gran variedad de platos, desde crudos hasta cocidos, siendo m\u00e1s saludables en platos crudos.<\/span>[\/vc_column_text][\/vc_column][\/vc_row][vc_row][vc_column][vc_row_inner][vc_column_inner][vc_separator css_animation=\u00bbbottom-to-top\u00bb][\/vc_column_inner][\/vc_row_inner][vc_row_inner][vc_column_inner width=\u00bb1\/2&#8243;][vc_column_text]<img decoding=\"async\" class=\"wp-image-1418 alignleft\" style=\"padding-bottom: 15px;\" src=\"https:\/\/fruitbubba.com\/wp-content\/uploads\/2022\/04\/icono-calendario.png\" alt=\"\" width=\"50\" height=\"50\" \/><\/p>\n<h3 style=\"padding-top: 15px;\">Tiempo de producci\u00f3n<\/h3>\n<p>[\/vc_column_text][vc_column_text el_id=\u00bbmonths\u00bb]<\/p>\n<div class=\"c_mes_inactivo\">ene<\/div>\n<div class=\"c_mes_inactivo\">feb<\/div>\n<div class=\"c_mes_inactivo\">mar<\/div>\n<div class=\"c_mes_inactivo\">abr<\/div>\n<div class=\"c_mes_inactivo\">may<\/div>\n<div class=\"c_mes_inactivo\">jun<\/div>\n<div class=\"c_mes_activo\">jul<\/div>\n<div class=\"c_mes_activo\">ago<\/div>\n<div class=\"c_mes_activo\">sep<\/div>\n<div class=\"c_mes_inactivo\">oct<\/div>\n<div class=\"c_mes_inactivo\">nov<\/div>\n<div class=\"c_mes_inactivo\">dic<\/div>\n<p>[\/vc_column_text][\/vc_column_inner][vc_column_inner width=\u00bb1\/2&#8243;][vc_column_text]<img decoding=\"async\" class=\"wp-image-1418 alignleft\" style=\"padding-bottom: 15px;\" src=\"https:\/\/fruitbubba.com\/wp-content\/uploads\/2022\/04\/icono-embalaje.png\" alt=\"\" width=\"50\" height=\"50\" \/><\/p>\n<h3 style=\"padding-top: 15px;\">Formatos<\/h3>\n<p>[\/vc_column_text][\/vc_column_inner][\/vc_row_inner][\/vc_column][\/vc_row]<\/p>\n<\/section>","protected":false},"excerpt":{"rendered":"<p>[vc_row][vc_column][vc_single_image image=\u00bb1899&#8243; img_size=\u00bblarge\u00bb alignment=\u00bbcenter\u00bb css=\u00bb.vc_custom_1653564348766{margin-top: 150px !important;}\u00bb][\/vc_column][\/vc_row][vc_row][vc_column width=\u00bb1\/2&#8243;][vc_column_text] Espinacas [\/vc_column_text][\/vc_column][vc_column width=\u00bb1\/2&#8243;][vc_column_text css=\u00bb.vc_custom_1651220747093{padding-top: 15px !important;}\u00bb]Las espinacas son las plantas herb\u00e1ceas de corto desarrollo y hojas de color verde oscuro insertadas en un peque\u00f1o tallo. Las hojas de espinaca se utilizan en una gran variedad de platos, desde crudos hasta cocidos, siendo m\u00e1s saludables en platos crudos.[\/vc_column_text][\/vc_column][\/vc_row][vc_row][vc_column][vc_row_inner][vc_column_inner][vc_separator [&hellip;]<\/p>\n","protected":false},"author":1,"featured_media":0,"parent":0,"menu_order":0,"comment_status":"closed","ping_status":"closed","template":"","meta":{"footnotes":""},"class_list":["post-3030","page","type-page","status-publish","hentry"],"yoast_head":"<!-- This site is optimized with the Yoast SEO plugin v27.5 - https:\/\/yoast.com\/product\/yoast-seo-wordpress\/ -->\n<title>ESPINACAS - USA Bubba Fresh<\/title>\n<meta name=\"robots\" content=\"index, follow, max-snippet:-1, max-image-preview:large, max-video-preview:-1\" \/>\n<link rel=\"canonical\" href=\"https:\/\/fruitbubba.com\/es\/espinacas\/\" \/>\n<meta property=\"og:locale\" content=\"es_ES\" \/>\n<meta property=\"og:type\" content=\"article\" \/>\n<meta property=\"og:title\" content=\"ESPINACAS - USA Bubba Fresh\" \/>\n<meta property=\"og:description\" content=\"[vc_row][vc_column][vc_single_image image=\u00bb1899&#8243; img_size=\u00bblarge\u00bb alignment=\u00bbcenter\u00bb css=\u00bb.vc_custom_1653564348766{margin-top: 150px !important;}\u00bb][\/vc_column][\/vc_row][vc_row][vc_column width=\u00bb1\/2&#8243;][vc_column_text] Espinacas [\/vc_column_text][\/vc_column][vc_column width=\u00bb1\/2&#8243;][vc_column_text css=\u00bb.vc_custom_1651220747093{padding-top: 15px !important;}\u00bb]Las espinacas son las plantas herb\u00e1ceas de corto desarrollo y hojas de color verde oscuro insertadas en un peque\u00f1o tallo. Las hojas de espinaca se utilizan en una gran variedad de platos, desde crudos hasta cocidos, siendo m\u00e1s saludables en platos crudos.[\/vc_column_text][\/vc_column][\/vc_row][vc_row][vc_column][vc_row_inner][vc_column_inner][vc_separator [&hellip;]\" \/>\n<meta property=\"og:url\" content=\"https:\/\/fruitbubba.com\/es\/espinacas\/\" \/>\n<meta property=\"og:site_name\" content=\"USA Bubba Fresh\" \/>\n<meta property=\"article:modified_time\" content=\"2022-06-08T10:08:49+00:00\" \/>\n<meta property=\"og:image\" content=\"https:\/\/fruitbubba.com\/wp-content\/uploads\/2022\/04\/icono-calendario.png\" \/>\n<meta name=\"twitter:card\" content=\"summary_large_image\" \/>\n<meta name=\"twitter:label1\" content=\"Tiempo de lectura\" \/>\n\t<meta name=\"twitter:data1\" content=\"1 minuto\" \/>\n<script type=\"application\/ld+json\" class=\"yoast-schema-graph\">{\"@context\":\"https:\\\/\\\/schema.org\",\"@graph\":[{\"@type\":\"WebPage\",\"@id\":\"https:\\\/\\\/fruitbubba.com\\\/es\\\/espinacas\\\/\",\"url\":\"https:\\\/\\\/fruitbubba.com\\\/es\\\/espinacas\\\/\",\"name\":\"ESPINACAS - USA Bubba Fresh\",\"isPartOf\":{\"@id\":\"https:\\\/\\\/fruitbubba.com\\\/es\\\/#website\"},\"primaryImageOfPage\":{\"@id\":\"https:\\\/\\\/fruitbubba.com\\\/es\\\/espinacas\\\/#primaryimage\"},\"image\":{\"@id\":\"https:\\\/\\\/fruitbubba.com\\\/es\\\/espinacas\\\/#primaryimage\"},\"thumbnailUrl\":\"https:\\\/\\\/fruitbubba.com\\\/wp-content\\\/uploads\\\/2022\\\/04\\\/icono-calendario.png\",\"datePublished\":\"2022-04-28T16:03:55+00:00\",\"dateModified\":\"2022-06-08T10:08:49+00:00\",\"breadcrumb\":{\"@id\":\"https:\\\/\\\/fruitbubba.com\\\/es\\\/espinacas\\\/#breadcrumb\"},\"inLanguage\":\"es\",\"potentialAction\":[{\"@type\":\"ReadAction\",\"target\":[\"https:\\\/\\\/fruitbubba.com\\\/es\\\/espinacas\\\/\"]}]},{\"@type\":\"ImageObject\",\"inLanguage\":\"es\",\"@id\":\"https:\\\/\\\/fruitbubba.com\\\/es\\\/espinacas\\\/#primaryimage\",\"url\":\"https:\\\/\\\/fruitbubba.com\\\/wp-content\\\/uploads\\\/2022\\\/04\\\/icono-calendario.png\",\"contentUrl\":\"https:\\\/\\\/fruitbubba.com\\\/wp-content\\\/uploads\\\/2022\\\/04\\\/icono-calendario.png\"},{\"@type\":\"BreadcrumbList\",\"@id\":\"https:\\\/\\\/fruitbubba.com\\\/es\\\/espinacas\\\/#breadcrumb\",\"itemListElement\":[{\"@type\":\"ListItem\",\"position\":1,\"name\":\"Portada\",\"item\":\"https:\\\/\\\/fruitbubba.com\\\/es\\\/\"},{\"@type\":\"ListItem\",\"position\":2,\"name\":\"ESPINACAS\"}]},{\"@type\":\"WebSite\",\"@id\":\"https:\\\/\\\/fruitbubba.com\\\/es\\\/#website\",\"url\":\"https:\\\/\\\/fruitbubba.com\\\/es\\\/\",\"name\":\"USA Bubba Fresh\",\"description\":\"Supreme Flavour \u00b7 Commited to Solidarity\",\"potentialAction\":[{\"@type\":\"SearchAction\",\"target\":{\"@type\":\"EntryPoint\",\"urlTemplate\":\"https:\\\/\\\/fruitbubba.com\\\/es\\\/?s={search_term_string}\"},\"query-input\":{\"@type\":\"PropertyValueSpecification\",\"valueRequired\":true,\"valueName\":\"search_term_string\"}}],\"inLanguage\":\"es\"}]}<\/script>\n<!-- \/ Yoast SEO plugin. -->","yoast_head_json":{"title":"ESPINACAS - USA Bubba Fresh","robots":{"index":"index","follow":"follow","max-snippet":"max-snippet:-1","max-image-preview":"max-image-preview:large","max-video-preview":"max-video-preview:-1"},"canonical":"https:\/\/fruitbubba.com\/es\/espinacas\/","og_locale":"es_ES","og_type":"article","og_title":"ESPINACAS - USA Bubba Fresh","og_description":"[vc_row][vc_column][vc_single_image image=\u00bb1899&#8243; img_size=\u00bblarge\u00bb alignment=\u00bbcenter\u00bb css=\u00bb.vc_custom_1653564348766{margin-top: 150px !important;}\u00bb][\/vc_column][\/vc_row][vc_row][vc_column width=\u00bb1\/2&#8243;][vc_column_text] Espinacas [\/vc_column_text][\/vc_column][vc_column width=\u00bb1\/2&#8243;][vc_column_text css=\u00bb.vc_custom_1651220747093{padding-top: 15px !important;}\u00bb]Las espinacas son las plantas herb\u00e1ceas de corto desarrollo y hojas de color verde oscuro insertadas en un peque\u00f1o tallo. Las hojas de espinaca se utilizan en una gran variedad de platos, desde crudos hasta cocidos, siendo m\u00e1s saludables en platos crudos.[\/vc_column_text][\/vc_column][\/vc_row][vc_row][vc_column][vc_row_inner][vc_column_inner][vc_separator [&hellip;]","og_url":"https:\/\/fruitbubba.com\/es\/espinacas\/","og_site_name":"USA Bubba Fresh","article_modified_time":"2022-06-08T10:08:49+00:00","og_image":[{"url":"https:\/\/fruitbubba.com\/wp-content\/uploads\/2022\/04\/icono-calendario.png","type":"","width":"","height":""}],"twitter_card":"summary_large_image","twitter_misc":{"Tiempo de lectura":"1 minuto"},"schema":{"@context":"https:\/\/schema.org","@graph":[{"@type":"WebPage","@id":"https:\/\/fruitbubba.com\/es\/espinacas\/","url":"https:\/\/fruitbubba.com\/es\/espinacas\/","name":"ESPINACAS - USA Bubba Fresh","isPartOf":{"@id":"https:\/\/fruitbubba.com\/es\/#website"},"primaryImageOfPage":{"@id":"https:\/\/fruitbubba.com\/es\/espinacas\/#primaryimage"},"image":{"@id":"https:\/\/fruitbubba.com\/es\/espinacas\/#primaryimage"},"thumbnailUrl":"https:\/\/fruitbubba.com\/wp-content\/uploads\/2022\/04\/icono-calendario.png","datePublished":"2022-04-28T16:03:55+00:00","dateModified":"2022-06-08T10:08:49+00:00","breadcrumb":{"@id":"https:\/\/fruitbubba.com\/es\/espinacas\/#breadcrumb"},"inLanguage":"es","potentialAction":[{"@type":"ReadAction","target":["https:\/\/fruitbubba.com\/es\/espinacas\/"]}]},{"@type":"ImageObject","inLanguage":"es","@id":"https:\/\/fruitbubba.com\/es\/espinacas\/#primaryimage","url":"https:\/\/fruitbubba.com\/wp-content\/uploads\/2022\/04\/icono-calendario.png","contentUrl":"https:\/\/fruitbubba.com\/wp-content\/uploads\/2022\/04\/icono-calendario.png"},{"@type":"BreadcrumbList","@id":"https:\/\/fruitbubba.com\/es\/espinacas\/#breadcrumb","itemListElement":[{"@type":"ListItem","position":1,"name":"Portada","item":"https:\/\/fruitbubba.com\/es\/"},{"@type":"ListItem","position":2,"name":"ESPINACAS"}]},{"@type":"WebSite","@id":"https:\/\/fruitbubba.com\/es\/#website","url":"https:\/\/fruitbubba.com\/es\/","name":"USA Bubba Fresh","description":"Supreme Flavour \u00b7 Commited to Solidarity","potentialAction":[{"@type":"SearchAction","target":{"@type":"EntryPoint","urlTemplate":"https:\/\/fruitbubba.com\/es\/?s={search_term_string}"},"query-input":{"@type":"PropertyValueSpecification","valueRequired":true,"valueName":"search_term_string"}}],"inLanguage":"es"}]}},"_links":{"self":[{"href":"https:\/\/fruitbubba.com\/es\/wp-json\/wp\/v2\/pages\/3030","targetHints":{"allow":["GET"]}}],"collection":[{"href":"https:\/\/fruitbubba.com\/es\/wp-json\/wp\/v2\/pages"}],"about":[{"href":"https:\/\/fruitbubba.com\/es\/wp-json\/wp\/v2\/types\/page"}],"author":[{"embeddable":true,"href":"https:\/\/fruitbubba.com\/es\/wp-json\/wp\/v2\/users\/1"}],"replies":[{"embeddable":true,"href":"https:\/\/fruitbubba.com\/es\/wp-json\/wp\/v2\/comments?post=3030"}],"version-history":[{"count":8,"href":"https:\/\/fruitbubba.com\/es\/wp-json\/wp\/v2\/pages\/3030\/revisions"}],"predecessor-version":[{"id":3205,"href":"https:\/\/fruitbubba.com\/es\/wp-json\/wp\/v2\/pages\/3030\/revisions\/3205"}],"wp:attachment":[{"href":"https:\/\/fruitbubba.com\/es\/wp-json\/wp\/v2\/media?parent=3030"}],"curies":[{"name":"wp","href":"https:\/\/api.w.org\/{rel}","templated":true}]}}