{"id":2501,"date":"2022-04-28T12:05:30","date_gmt":"2022-04-28T16:05:30","guid":{"rendered":"https:\/\/fruitbubba.com\/brocoli\/"},"modified":"2022-06-08T06:02:53","modified_gmt":"2022-06-08T10:02:53","slug":"brocoli","status":"publish","type":"page","link":"https:\/\/fruitbubba.com\/es\/brocoli\/","title":{"rendered":"BR\u00d3COLI"},"content":{"rendered":"<section class=\"wpb-content-wrapper\"><p>[vc_row][vc_column][vc_single_image image=\u00bb1877&#8243; img_size=\u00bblarge\u00bb alignment=\u00bbcenter\u00bb css=\u00bb.vc_custom_1653565439129{margin-top: 150px !important;}\u00bb][\/vc_column][\/vc_row][vc_row][vc_column width=\u00bb1\/2&#8243;][vc_column_text]<\/p>\n<h2 style=\"color: #e04243; font-weight: bold; font-size: 4em !important; text-align: center;\">Br\u00f3coli<\/h2>\n<p>[\/vc_column_text][\/vc_column][vc_column width=\u00bb1\/2&#8243;][vc_column_text css=\u00bb.vc_custom_1651222013144{padding-top: 15px !important;}\u00bb]<span style=\"font-size: 1.2em;\"><strong>El br\u00f3coli es una planta que posee abundantes cap\u00edtulos florales carnosos de color verde intenso,<\/strong> asentados en forma de \u00e1rbol, sobre ramas que crecen del grueso tallo comestible. La gran masa de las cabezas est\u00e1 rodeada de hojas.<\/span>[\/vc_column_text][\/vc_column][\/vc_row][vc_row][vc_column][vc_row_inner][vc_column_inner][vc_separator css_animation=\u00bbbottom-to-top\u00bb][\/vc_column_inner][\/vc_row_inner]<\/p>\n<p>[vc_row_inner][vc_column_inner width=\u00bb1\/2&#8243;][vc_column_text]<img decoding=\"async\" class=\"wp-image-1418 alignleft\" style=\"padding-bottom: 15px;\" src=\"https:\/\/fruitbubba.com\/wp-content\/uploads\/2022\/04\/icono-calendario.png\" alt=\"\" width=\"50\" height=\"50\" \/><\/p>\n<h3 style=\"padding-top: 15px;\">Tiempo de producci\u00f3n<\/h3>\n<p>[\/vc_column_text][vc_column_text el_id=\u00bbmonths\u00bb]<\/p>\n<div class=\"c_mes_inactivo\">ene<\/div>\n<div class=\"c_mes_inactivo\">feb<\/div>\n<div class=\"c_mes_inactivo\">mar<\/div>\n<div class=\"c_mes_inactivo\">abr<\/div>\n<div class=\"c_mes_inactivo\">may<\/div>\n<div class=\"c_mes_inactivo\">jun<\/div>\n<div class=\"c_mes_activo\">jul<\/div>\n<div class=\"c_mes_activo\">ago<\/div>\n<div class=\"c_mes_activo\">sep<\/div>\n<div class=\"c_mes_inactivo\">oct<\/div>\n<div class=\"c_mes_inactivo\">nov<\/div>\n<div class=\"c_mes_inactivo\">dic<\/div>\n<p>[\/vc_column_text][\/vc_column_inner][vc_column_inner width=\u00bb1\/2&#8243;][vc_column_text]<img decoding=\"async\" class=\"wp-image-1418 alignleft\" style=\"padding-bottom: 15px;\" src=\"https:\/\/fruitbubba.com\/wp-content\/uploads\/2022\/04\/icono-embalaje.png\" alt=\"\" width=\"50\" height=\"50\" \/><\/p>\n<h3 style=\"padding-top: 15px;\">Formatos<\/h3>\n<p>[\/vc_column_text][\/vc_column_inner][\/vc_row_inner][\/vc_column][\/vc_row]<\/p>\n<\/section>","protected":false},"excerpt":{"rendered":"<p>[vc_row][vc_column][vc_single_image image=\u00bb1877&#8243; img_size=\u00bblarge\u00bb alignment=\u00bbcenter\u00bb css=\u00bb.vc_custom_1653565439129{margin-top: 150px !important;}\u00bb][\/vc_column][\/vc_row][vc_row][vc_column width=\u00bb1\/2&#8243;][vc_column_text] Br\u00f3coli [\/vc_column_text][\/vc_column][vc_column width=\u00bb1\/2&#8243;][vc_column_text css=\u00bb.vc_custom_1651222013144{padding-top: 15px !important;}\u00bb]El br\u00f3coli es una planta que posee abundantes cap\u00edtulos florales carnosos de color verde intenso, asentados en forma de \u00e1rbol, sobre ramas que crecen del grueso tallo comestible. La gran masa de las cabezas est\u00e1 rodeada de hojas.[\/vc_column_text][\/vc_column][\/vc_row][vc_row][vc_column][vc_row_inner][vc_column_inner][vc_separator css_animation=\u00bbbottom-to-top\u00bb][\/vc_column_inner][\/vc_row_inner] [vc_row_inner][vc_column_inner width=\u00bb1\/2&#8243;][vc_column_text] Tiempo [&hellip;]<\/p>\n","protected":false},"author":1,"featured_media":0,"parent":0,"menu_order":0,"comment_status":"closed","ping_status":"closed","template":"","meta":{"footnotes":""},"class_list":["post-2501","page","type-page","status-publish","hentry"],"yoast_head":"<!-- This site is optimized with the Yoast SEO plugin v27.6 - https:\/\/yoast.com\/product\/yoast-seo-wordpress\/ -->\n<title>BR\u00d3COLI - USA Bubba Fresh<\/title>\n<meta name=\"robots\" content=\"index, follow, max-snippet:-1, max-image-preview:large, max-video-preview:-1\" \/>\n<link rel=\"canonical\" href=\"https:\/\/fruitbubba.com\/es\/brocoli\/\" \/>\n<meta property=\"og:locale\" content=\"es_ES\" \/>\n<meta property=\"og:type\" content=\"article\" \/>\n<meta property=\"og:title\" content=\"BR\u00d3COLI - USA Bubba Fresh\" \/>\n<meta property=\"og:description\" content=\"[vc_row][vc_column][vc_single_image image=\u00bb1877&#8243; img_size=\u00bblarge\u00bb alignment=\u00bbcenter\u00bb css=\u00bb.vc_custom_1653565439129{margin-top: 150px !important;}\u00bb][\/vc_column][\/vc_row][vc_row][vc_column width=\u00bb1\/2&#8243;][vc_column_text] Br\u00f3coli [\/vc_column_text][\/vc_column][vc_column width=\u00bb1\/2&#8243;][vc_column_text css=\u00bb.vc_custom_1651222013144{padding-top: 15px !important;}\u00bb]El br\u00f3coli es una planta que posee abundantes cap\u00edtulos florales carnosos de color verde intenso, asentados en forma de \u00e1rbol, sobre ramas que crecen del grueso tallo comestible. La gran masa de las cabezas est\u00e1 rodeada de hojas.[\/vc_column_text][\/vc_column][\/vc_row][vc_row][vc_column][vc_row_inner][vc_column_inner][vc_separator css_animation=\u00bbbottom-to-top\u00bb][\/vc_column_inner][\/vc_row_inner] [vc_row_inner][vc_column_inner width=\u00bb1\/2&#8243;][vc_column_text] Tiempo [&hellip;]\" \/>\n<meta property=\"og:url\" content=\"https:\/\/fruitbubba.com\/es\/brocoli\/\" \/>\n<meta property=\"og:site_name\" content=\"USA Bubba Fresh\" \/>\n<meta property=\"article:modified_time\" content=\"2022-06-08T10:02:53+00:00\" \/>\n<meta property=\"og:image\" content=\"https:\/\/fruitbubba.com\/wp-content\/uploads\/2022\/04\/icono-calendario.png\" \/>\n<meta name=\"twitter:card\" content=\"summary_large_image\" \/>\n<meta name=\"twitter:label1\" content=\"Tiempo de lectura\" \/>\n\t<meta name=\"twitter:data1\" content=\"1 minuto\" \/>\n<script type=\"application\/ld+json\" class=\"yoast-schema-graph\">{\"@context\":\"https:\\\/\\\/schema.org\",\"@graph\":[{\"@type\":\"WebPage\",\"@id\":\"https:\\\/\\\/fruitbubba.com\\\/es\\\/brocoli\\\/\",\"url\":\"https:\\\/\\\/fruitbubba.com\\\/es\\\/brocoli\\\/\",\"name\":\"BR\u00d3COLI - USA Bubba Fresh\",\"isPartOf\":{\"@id\":\"https:\\\/\\\/fruitbubba.com\\\/es\\\/#website\"},\"primaryImageOfPage\":{\"@id\":\"https:\\\/\\\/fruitbubba.com\\\/es\\\/brocoli\\\/#primaryimage\"},\"image\":{\"@id\":\"https:\\\/\\\/fruitbubba.com\\\/es\\\/brocoli\\\/#primaryimage\"},\"thumbnailUrl\":\"https:\\\/\\\/fruitbubba.com\\\/wp-content\\\/uploads\\\/2022\\\/04\\\/icono-calendario.png\",\"datePublished\":\"2022-04-28T16:05:30+00:00\",\"dateModified\":\"2022-06-08T10:02:53+00:00\",\"breadcrumb\":{\"@id\":\"https:\\\/\\\/fruitbubba.com\\\/es\\\/brocoli\\\/#breadcrumb\"},\"inLanguage\":\"es\",\"potentialAction\":[{\"@type\":\"ReadAction\",\"target\":[\"https:\\\/\\\/fruitbubba.com\\\/es\\\/brocoli\\\/\"]}]},{\"@type\":\"ImageObject\",\"inLanguage\":\"es\",\"@id\":\"https:\\\/\\\/fruitbubba.com\\\/es\\\/brocoli\\\/#primaryimage\",\"url\":\"https:\\\/\\\/fruitbubba.com\\\/wp-content\\\/uploads\\\/2022\\\/04\\\/icono-calendario.png\",\"contentUrl\":\"https:\\\/\\\/fruitbubba.com\\\/wp-content\\\/uploads\\\/2022\\\/04\\\/icono-calendario.png\"},{\"@type\":\"BreadcrumbList\",\"@id\":\"https:\\\/\\\/fruitbubba.com\\\/es\\\/brocoli\\\/#breadcrumb\",\"itemListElement\":[{\"@type\":\"ListItem\",\"position\":1,\"name\":\"Portada\",\"item\":\"https:\\\/\\\/fruitbubba.com\\\/es\\\/\"},{\"@type\":\"ListItem\",\"position\":2,\"name\":\"BR\u00d3COLI\"}]},{\"@type\":\"WebSite\",\"@id\":\"https:\\\/\\\/fruitbubba.com\\\/es\\\/#website\",\"url\":\"https:\\\/\\\/fruitbubba.com\\\/es\\\/\",\"name\":\"USA Bubba Fresh\",\"description\":\"Supreme Flavour \u00b7 Commited to Solidarity\",\"potentialAction\":[{\"@type\":\"SearchAction\",\"target\":{\"@type\":\"EntryPoint\",\"urlTemplate\":\"https:\\\/\\\/fruitbubba.com\\\/es\\\/?s={search_term_string}\"},\"query-input\":{\"@type\":\"PropertyValueSpecification\",\"valueRequired\":true,\"valueName\":\"search_term_string\"}}],\"inLanguage\":\"es\"}]}<\/script>\n<!-- \/ Yoast SEO plugin. -->","yoast_head_json":{"title":"BR\u00d3COLI - USA Bubba Fresh","robots":{"index":"index","follow":"follow","max-snippet":"max-snippet:-1","max-image-preview":"max-image-preview:large","max-video-preview":"max-video-preview:-1"},"canonical":"https:\/\/fruitbubba.com\/es\/brocoli\/","og_locale":"es_ES","og_type":"article","og_title":"BR\u00d3COLI - USA Bubba Fresh","og_description":"[vc_row][vc_column][vc_single_image image=\u00bb1877&#8243; img_size=\u00bblarge\u00bb alignment=\u00bbcenter\u00bb css=\u00bb.vc_custom_1653565439129{margin-top: 150px !important;}\u00bb][\/vc_column][\/vc_row][vc_row][vc_column width=\u00bb1\/2&#8243;][vc_column_text] Br\u00f3coli [\/vc_column_text][\/vc_column][vc_column width=\u00bb1\/2&#8243;][vc_column_text css=\u00bb.vc_custom_1651222013144{padding-top: 15px !important;}\u00bb]El br\u00f3coli es una planta que posee abundantes cap\u00edtulos florales carnosos de color verde intenso, asentados en forma de \u00e1rbol, sobre ramas que crecen del grueso tallo comestible. La gran masa de las cabezas est\u00e1 rodeada de hojas.[\/vc_column_text][\/vc_column][\/vc_row][vc_row][vc_column][vc_row_inner][vc_column_inner][vc_separator css_animation=\u00bbbottom-to-top\u00bb][\/vc_column_inner][\/vc_row_inner] [vc_row_inner][vc_column_inner width=\u00bb1\/2&#8243;][vc_column_text] Tiempo [&hellip;]","og_url":"https:\/\/fruitbubba.com\/es\/brocoli\/","og_site_name":"USA Bubba Fresh","article_modified_time":"2022-06-08T10:02:53+00:00","og_image":[{"url":"https:\/\/fruitbubba.com\/wp-content\/uploads\/2022\/04\/icono-calendario.png","type":"","width":"","height":""}],"twitter_card":"summary_large_image","twitter_misc":{"Tiempo de lectura":"1 minuto"},"schema":{"@context":"https:\/\/schema.org","@graph":[{"@type":"WebPage","@id":"https:\/\/fruitbubba.com\/es\/brocoli\/","url":"https:\/\/fruitbubba.com\/es\/brocoli\/","name":"BR\u00d3COLI - USA Bubba Fresh","isPartOf":{"@id":"https:\/\/fruitbubba.com\/es\/#website"},"primaryImageOfPage":{"@id":"https:\/\/fruitbubba.com\/es\/brocoli\/#primaryimage"},"image":{"@id":"https:\/\/fruitbubba.com\/es\/brocoli\/#primaryimage"},"thumbnailUrl":"https:\/\/fruitbubba.com\/wp-content\/uploads\/2022\/04\/icono-calendario.png","datePublished":"2022-04-28T16:05:30+00:00","dateModified":"2022-06-08T10:02:53+00:00","breadcrumb":{"@id":"https:\/\/fruitbubba.com\/es\/brocoli\/#breadcrumb"},"inLanguage":"es","potentialAction":[{"@type":"ReadAction","target":["https:\/\/fruitbubba.com\/es\/brocoli\/"]}]},{"@type":"ImageObject","inLanguage":"es","@id":"https:\/\/fruitbubba.com\/es\/brocoli\/#primaryimage","url":"https:\/\/fruitbubba.com\/wp-content\/uploads\/2022\/04\/icono-calendario.png","contentUrl":"https:\/\/fruitbubba.com\/wp-content\/uploads\/2022\/04\/icono-calendario.png"},{"@type":"BreadcrumbList","@id":"https:\/\/fruitbubba.com\/es\/brocoli\/#breadcrumb","itemListElement":[{"@type":"ListItem","position":1,"name":"Portada","item":"https:\/\/fruitbubba.com\/es\/"},{"@type":"ListItem","position":2,"name":"BR\u00d3COLI"}]},{"@type":"WebSite","@id":"https:\/\/fruitbubba.com\/es\/#website","url":"https:\/\/fruitbubba.com\/es\/","name":"USA Bubba Fresh","description":"Supreme Flavour \u00b7 Commited to Solidarity","potentialAction":[{"@type":"SearchAction","target":{"@type":"EntryPoint","urlTemplate":"https:\/\/fruitbubba.com\/es\/?s={search_term_string}"},"query-input":{"@type":"PropertyValueSpecification","valueRequired":true,"valueName":"search_term_string"}}],"inLanguage":"es"}]}},"_links":{"self":[{"href":"https:\/\/fruitbubba.com\/es\/wp-json\/wp\/v2\/pages\/2501","targetHints":{"allow":["GET"]}}],"collection":[{"href":"https:\/\/fruitbubba.com\/es\/wp-json\/wp\/v2\/pages"}],"about":[{"href":"https:\/\/fruitbubba.com\/es\/wp-json\/wp\/v2\/types\/page"}],"author":[{"embeddable":true,"href":"https:\/\/fruitbubba.com\/es\/wp-json\/wp\/v2\/users\/1"}],"replies":[{"embeddable":true,"href":"https:\/\/fruitbubba.com\/es\/wp-json\/wp\/v2\/comments?post=2501"}],"version-history":[{"count":9,"href":"https:\/\/fruitbubba.com\/es\/wp-json\/wp\/v2\/pages\/2501\/revisions"}],"predecessor-version":[{"id":3198,"href":"https:\/\/fruitbubba.com\/es\/wp-json\/wp\/v2\/pages\/2501\/revisions\/3198"}],"wp:attachment":[{"href":"https:\/\/fruitbubba.com\/es\/wp-json\/wp\/v2\/media?parent=2501"}],"curies":[{"name":"wp","href":"https:\/\/api.w.org\/{rel}","templated":true}]}}